{"id":15076,"date":"2024-11-27T13:23:04","date_gmt":"2024-11-27T13:23:04","guid":{"rendered":"https:\/\/lenguae.com\/agencia-de-traduccion-en-connecticut\/todos-los-idiomas-que-ofrecemos-lenguae\/"},"modified":"2025-02-10T12:21:57","modified_gmt":"2025-02-10T12:21:57","slug":"todos-los-idiomas-que-ofrecemos-lenguae","status":"publish","type":"page","link":"https:\/\/lenguae.com\/es\/agencia-de-traduccion-en-connecticut\/todos-los-idiomas-que-ofrecemos-lenguae\/","title":{"rendered":"Todos los Idiomas que Ofrecemos | Lenguae"},"content":{"rendered":"\t\t<div data-elementor-type=\"wp-page\" data-elementor-id=\"15076\" class=\"elementor elementor-15076 elementor-14147\" data-elementor-post-type=\"page\">\n\t\t\t\t\t\t<section class=\"elementor-section elementor-top-section elementor-element elementor-element-fb8511c elementor-section-full_width elementor-section-height-min-height elementor-section-stretched elementor-section-height-default elementor-section-items-middle\" data-id=\"fb8511c\" data-element_type=\"section\" data-settings=\"{&quot;stretch_section&quot;:&quot;section-stretched&quot;,&quot;background_background&quot;:&quot;classic&quot;}\">\n\t\t\t\t\t\t<div class=\"elementor-container elementor-column-gap-no\">\n\t\t\t\t\t<div class=\"elementor-column elementor-col-100 elementor-top-column elementor-element elementor-element-2d1da2f\" data-id=\"2d1da2f\" data-element_type=\"column\">\n\t\t\t<div class=\"elementor-widget-wrap\">\n\t\t\t\t\t\t\t<\/div>\n\t\t<\/div>\n\t\t\t\t\t<\/div>\n\t\t<\/section>\n\t\t\t\t<section class=\"elementor-section elementor-top-section elementor-element elementor-element-1bec5483 elementor-section-full_width sectionfirst elementor-section-height-default elementor-section-height-default\" data-id=\"1bec5483\" data-element_type=\"section\" data-settings=\"{&quot;background_background&quot;:&quot;gradient&quot;}\">\n\t\t\t\t\t\t<div class=\"elementor-container elementor-column-gap-no\">\n\t\t\t\t\t<div class=\"elementor-column elementor-col-100 elementor-top-column elementor-element elementor-element-7ea8cf41\" data-id=\"7ea8cf41\" data-element_type=\"column\">\n\t\t\t<div class=\"elementor-widget-wrap elementor-element-populated\">\n\t\t\t\t\t\t<section class=\"elementor-section elementor-inner-section elementor-element elementor-element-6c249f89 elementor-section-full_width elementor-section-height-default elementor-section-height-default\" data-id=\"6c249f89\" data-element_type=\"section\">\n\t\t\t\t\t\t<div class=\"elementor-container elementor-column-gap-no\">\n\t\t\t\t\t<div class=\"elementor-column elementor-col-100 elementor-inner-column elementor-element elementor-element-293ae4a6 sectionfirst1\" data-id=\"293ae4a6\" data-element_type=\"column\">\n\t\t\t<div class=\"elementor-widget-wrap elementor-element-populated\">\n\t\t\t\t\t\t<div class=\"elementor-element elementor-element-5d013112 elementor-icon-list--layout-inline elementor-list-item-link-full_width elementor-widget elementor-widget-icon-list\" data-id=\"5d013112\" data-element_type=\"widget\" data-widget_type=\"icon-list.default\">\n\t\t\t\t<div class=\"elementor-widget-container\">\n\t\t\t\t\t\t\t<ul class=\"elementor-icon-list-items elementor-inline-items\">\n\t\t\t\t\t\t\t<li class=\"elementor-icon-list-item elementor-inline-item\">\n\t\t\t\t\t\t\t\t\t\t\t<a href=\"https:\/\/lenguae.com\/es\/\">\n\n\t\t\t\t\t\t\t\t\t\t\t<span class=\"elementor-icon-list-text\">Inicio<\/span>\n\t\t\t\t\t\t\t\t\t\t\t<\/a>\n\t\t\t\t\t\t\t\t\t<\/li>\n\t\t\t\t\t\t<\/ul>\n\t\t\t\t\t\t<\/div>\n\t\t\t\t<\/div>\n\t\t\t\t<div class=\"elementor-element elementor-element-459817af elementor-widget elementor-widget-heading\" data-id=\"459817af\" data-element_type=\"widget\" data-widget_type=\"heading.default\">\n\t\t\t\t<div class=\"elementor-widget-container\">\n\t\t\t\t\t<h1 class=\"elementor-heading-title elementor-size-default\">Todos los Idiomas que Ofrecemos | Lenguae\n<\/h1>\t\t\t\t<\/div>\n\t\t\t\t<\/div>\n\t\t<a class=\"eael-wrapper-link-153ae4d7 --eael-wrapper-link-tag\" href=\"https:\/\/lenguae.com\/translations\/spanish-english-translation\/\"><\/a>\t\t<div data-eael-wrapper-link=\"eael-wrapper-link-153ae4d7\" class=\"elementor-element elementor-element-153ae4d7 elementor-widget elementor-widget-text-editor\" data-id=\"153ae4d7\" data-element_type=\"widget\" data-widget_type=\"text-editor.default\">\n\t\t\t\t<div class=\"elementor-widget-container\">\n\t\t\t\t\t\t\t\t\t<p>Nos enorgullecemos de ofrecer traducciones profesionales, servicios de interpretaci\u00f3n, transcripciones y cursos en m\u00faltiples idiomas, con el objetivo de satisfacer todas las necesidades de nuestros clientes.<\/p>\n<p>Nuestro equipo est\u00e1 compuesto por ling\u00fcistas y profesores altamente capacitados y certificados, que dominan una amplia variedad de idiomas y son expertos en m\u00faltiples \u00e1reas. Esto garantiza que nuestras traducciones e interpretaciones sean precisas y confiables, y que nuestros cursos sean eficientes y completos.<\/p>\n<p>Estos son los principales y m\u00e1s comunes idiomas en los que ofrecemos nuestros servicios y soluciones de traducci\u00f3n:<\/p>\n<ul>\n<li aria-level=\"1\">\n              <a href=\"https:\/\/lenguae.com\/es\/traducciones-profesionales\/traduccion-espanol-ingles\/\">espa\u00f1ol<\/a>\n            <\/li>\n<li aria-level=\"1\">\n              <a href=\"https:\/\/lenguae.com\/translations\/translation-portuguese-english\/\">portugu\u00e9s<\/a>\n            <\/li>\n<li aria-level=\"1\">Ingl\u00e9s<\/li>\n<li aria-level=\"1\">\n              <a href=\"https:\/\/lenguae.com\/translations\/mandarin-english-translation\/\">mandar\u00edn<\/a>\n            <\/li>\n<li aria-level=\"1\">\n              <a href=\"https:\/\/lenguae.com\/translations\/japanese-english-translation\/\">japon\u00e9s<\/a>\n            <\/li>\n<li aria-level=\"1\">\n              <a href=\"https:\/\/lenguae.com\/translations\/korean-english-translation\/\">coreano<\/a>\n            <\/li>\n<li aria-level=\"1\">\n              <a href=\"https:\/\/lenguae.com\/es\/traducciones-profesionales\/traduccion-ruso-ingles\/\">ruso<\/a>\n            <\/li>\n<li aria-level=\"1\">\n              <a href=\"https:\/\/lenguae.com\/es\/traducciones-profesionales\/traduccion-arabe-ingles\/\">arabe<\/a>\n            <\/li>\n<li aria-level=\"1\">\n              <a href=\"https:\/\/lenguae.com\/es\/traducciones-profesionales\/traduccion-holandes-ingles\/\">holandes<\/a>\n            <\/li>\n<li aria-level=\"1\">\n              <a href=\"https:\/\/lenguae.com\/es\/traducciones-profesionales\/traduccion-aleman-ingles\/\">alem\u00e1n<\/a>\n            <\/li>\n<li aria-level=\"1\">\n              <a href=\"https:\/\/lenguae.com\/translations\/italian-english-translation\/\">italiano<\/a>\n            <\/li>\n<li aria-level=\"1\">\n              <a href=\"https:\/\/lenguae.com\/es\/traducciones-profesionales\/traduccion-frances-ingles\/\">franc\u00e9s<\/a>\n            <\/li>\n<li aria-level=\"1\">\n              <a href=\"https:\/\/lenguae.com\/es\/traducciones-profesionales\/traduccion-sueco-ingles\/\">sueco<\/a>\n            <\/li>\n<li aria-level=\"1\">\n              <a href=\"https:\/\/lenguae.com\/es\/traducciones-profesionales\/traduccion-noruego-ingles\/\">noruego<\/a>\n            <\/li>\n<li aria-level=\"1\">\n              <a href=\"https:\/\/lenguae.com\/translations\/creole-english-translation\/\">criollo<\/a>\n            <\/li>\n<li aria-level=\"1\">\n              <a href=\"https:\/\/lenguae.com\/translations\/ukrainian-english-translation\/\">ucraniano<\/a>\n            <\/li>\n<li aria-level=\"1\">\n              <a href=\"https:\/\/lenguae.com\/translations\/romanian-english-translation\/\">rumano<\/a>\n            <\/li>\n<li aria-level=\"1\">\n              <a href=\"https:\/\/lenguae.com\/translations\/polish-english-translation\/\">polaco<\/a>\n            <\/li>\n<li aria-level=\"1\">\n              <a href=\"https:\/\/lenguae.com\/translations\/turkish-english-translation\/\">turco<\/a>\n            <\/li>\n<li aria-level=\"1\">\n              <a href=\"https:\/\/lenguae.com\/translations\/hebrew-english-translation\/\">hebreo<\/a>\n            <\/li>\n<li aria-level=\"1\">\n              <a href=\"https:\/\/lenguae.com\/translations\/thai-english-translation\/\">thailand\u00e9s<\/a>\n            <\/li>\n<li aria-level=\"1\">\n              <a href=\"https:\/\/lenguae.com\/translations\/danish-english-translation\/\">dan\u00e9s<\/a>\n            <\/li>\n<li aria-level=\"1\">\n              <a href=\"https:\/\/lenguae.com\/translations\/bengali-english-translation\/\">bengal\u00ed<\/a>\n            <\/li>\n<li aria-level=\"1\">\n              <a href=\"https:\/\/lenguae.com\/translations\/hindi-english-translation\/\">hindi<\/a>\n            <\/li>\n<li aria-level=\"1\">\n              <a href=\"https:\/\/lenguae.com\/translations\/chinese-english-translation\/\">chino<\/a>\n            <\/li>\n<li aria-level=\"1\">\n              <a href=\"https:\/\/lenguae.com\/translations\/tagalog-english-translation\/\">tagalo<\/a>\n            <\/li>\n<li aria-level=\"1\">\n              <a href=\"https:\/\/lenguae.com\/translations\/vietnamese-english-translation\/\">vietnamita<\/a>\n            <\/li>\n<li aria-level=\"1\">\n              <a href=\"https:\/\/lenguae.com\/translations\/farsi-english-translation\/\">farsi<\/a>\n            <\/li>\n<\/ul>\n<p>Ten la seguridad de que, si no encontraste el idioma en el que necesitas una traducci\u00f3n o interpretaci\u00f3n en la lista anterior, estos son solo los idiomas m\u00e1s comunes y buscados en los que ofrecemos nuestros servicios, pero no todos, ya que trabajamos con m\u00e1s de 50 idiomas.<\/p>\n<p>Tr\u00e1enos tu proyecto, estamos seguros de que podremos ofrecerte una soluci\u00f3n adaptada a tus necesidades y capaz de cumplir con todos tus requisitos.<\/p>\n\t\t\t\t\t\t\t\t<\/div>\n\t\t\t\t<\/div>\n\t\t\t\t\t<\/div>\n\t\t<\/div>\n\t\t\t\t\t<\/div>\n\t\t<\/section>\n\t\t\t\t\t<\/div>\n\t\t<\/div>\n\t\t\t\t\t<\/div>\n\t\t<\/section>\n\t\t\t\t<section class=\"elementor-section elementor-top-section elementor-element elementor-element-1cf5d01d elementor-section-boxed elementor-section-height-default elementor-section-height-default\" data-id=\"1cf5d01d\" data-element_type=\"section\">\n\t\t\t\t\t\t<div class=\"elementor-container elementor-column-gap-default\">\n\t\t\t\t\t<div class=\"elementor-column elementor-col-100 elementor-top-column elementor-element elementor-element-186cbfdb\" data-id=\"186cbfdb\" data-element_type=\"column\">\n\t\t\t<div class=\"elementor-widget-wrap elementor-element-populated\">\n\t\t\t\t\t\t<div class=\"elementor-element elementor-element-50238103 elementor-widget elementor-widget-heading\" data-id=\"50238103\" data-element_type=\"widget\" data-widget_type=\"heading.default\">\n\t\t\t\t<div class=\"elementor-widget-container\">\n\t\t\t\t\t<h2 class=\"elementor-heading-title elementor-size-default\">Lenguae ofrece servicios de transcripci\u00f3n inigualables en todo el pa\u00eds.<\/h2>\t\t\t\t<\/div>\n\t\t\t\t<\/div>\n\t\t\t\t<div class=\"elementor-element elementor-element-3918e2a9 elementor-widget elementor-widget-heading\" data-id=\"3918e2a9\" data-element_type=\"widget\" data-widget_type=\"heading.default\">\n\t\t\t\t<div class=\"elementor-widget-container\">\n\t\t\t\t\t<h2 class=\"elementor-heading-title elementor-size-default\">\u00bfNecesita ayuda? Ponga a nuestro formidable equipo de traductores a trabajar para usted.<br><\/h2>\t\t\t\t<\/div>\n\t\t\t\t<\/div>\n\t\t\t\t<section class=\"elementor-section elementor-inner-section elementor-element elementor-element-27405e2c elementor-section-full_width elementor-section-content-middle elementor-section-height-default elementor-section-height-default\" data-id=\"27405e2c\" data-element_type=\"section\">\n\t\t\t\t\t\t<div class=\"elementor-container elementor-column-gap-no\">\n\t\t\t\t\t<div class=\"elementor-column elementor-col-50 elementor-inner-column elementor-element elementor-element-67ed1bb1 requestBtn\" data-id=\"67ed1bb1\" data-element_type=\"column\">\n\t\t\t<div class=\"elementor-widget-wrap elementor-element-populated\">\n\t\t\t\t\t\t<div class=\"elementor-element elementor-element-712a6b45 elementor-align-right e-transform elementor-mobile-align-left requestbtn elementor-widget elementor-widget-button\" data-id=\"712a6b45\" data-element_type=\"widget\" data-settings=\"{&quot;_transform_translateX_effect&quot;:{&quot;unit&quot;:&quot;px&quot;,&quot;size&quot;:&quot;&quot;,&quot;sizes&quot;:[]},&quot;_transform_translateX_effect_tablet&quot;:{&quot;unit&quot;:&quot;px&quot;,&quot;size&quot;:&quot;&quot;,&quot;sizes&quot;:[]},&quot;_transform_translateX_effect_mobile&quot;:{&quot;unit&quot;:&quot;px&quot;,&quot;size&quot;:&quot;&quot;,&quot;sizes&quot;:[]},&quot;_transform_translateY_effect&quot;:{&quot;unit&quot;:&quot;px&quot;,&quot;size&quot;:&quot;&quot;,&quot;sizes&quot;:[]},&quot;_transform_translateY_effect_tablet&quot;:{&quot;unit&quot;:&quot;px&quot;,&quot;size&quot;:&quot;&quot;,&quot;sizes&quot;:[]},&quot;_transform_translateY_effect_mobile&quot;:{&quot;unit&quot;:&quot;px&quot;,&quot;size&quot;:&quot;&quot;,&quot;sizes&quot;:[]}}\" data-widget_type=\"button.default\">\n\t\t\t\t<div class=\"elementor-widget-container\">\n\t\t\t\t\t\t\t\t\t<div class=\"elementor-button-wrapper\">\n\t\t\t\t\t<a class=\"elementor-button elementor-button-link elementor-size-xl\" href=\"https:\/\/lenguae.com\/es\/contacto\/\">\n\t\t\t\t\t\t<span class=\"elementor-button-content-wrapper\">\n\t\t\t\t\t\t\t\t\t<span class=\"elementor-button-text\">\u00a1Ponte en contacto con nosotras!<\/span>\n\t\t\t\t\t<\/span>\n\t\t\t\t\t<\/a>\n\t\t\t\t<\/div>\n\t\t\t\t\t\t\t\t<\/div>\n\t\t\t\t<\/div>\n\t\t\t\t\t<\/div>\n\t\t<\/div>\n\t\t\t\t<div class=\"elementor-column elementor-col-50 elementor-inner-column elementor-element elementor-element-d2b36ef\" data-id=\"d2b36ef\" data-element_type=\"column\">\n\t\t\t<div class=\"elementor-widget-wrap elementor-element-populated\">\n\t\t\t\t\t\t<div class=\"elementor-element elementor-element-16a9d2a elementor-widget__width-auto elementor-widget elementor-widget-global elementor-global-13091 elementor-global-10284 elementor-widget-html\" data-id=\"16a9d2a\" data-element_type=\"widget\" data-widget_type=\"html.default\">\n\t\t\t\t<div class=\"elementor-widget-container\">\n\t\t\t\t\t\n          <a class=\"desktop-chat ms-4\" href=\"javascript:void(Tawk_API.toggle())\"> <img decoding=\"async\" src=\"https:\/\/lenguae.com\/wp-content\/uploads\/2023\/06\/whatsapp.svg\" width=\"55px\"> <\/a>\n        \t\t\t\t<\/div>\n\t\t\t\t<\/div>\n\t\t\t\t<div class=\"elementor-element elementor-element-505edf25 whatsappicon hoverwhite elementor-hidden-desktop elementor-hidden-tablet elementor-view-default elementor-widget elementor-widget-icon\" data-id=\"505edf25\" data-element_type=\"widget\" data-widget_type=\"icon.default\">\n\t\t\t\t<div class=\"elementor-widget-container\">\n\t\t\t\t\t\t\t<div class=\"elementor-icon-wrapper\">\n\t\t\t<a class=\"elementor-icon\" href=\"https:\/\/wa.me\/12035577674?text=\" target=\"_blank\">\n\t\t\t<i aria-hidden=\"true\" class=\"fab fa-whatsapp\"><\/i>\t\t\t<\/a>\n\t\t<\/div>\n\t\t\t\t\t\t<\/div>\n\t\t\t\t<\/div>\n\t\t\t\t\t<\/div>\n\t\t<\/div>\n\t\t\t\t\t<\/div>\n\t\t<\/section>\n\t\t\t\t\t<\/div>\n\t\t<\/div>\n\t\t\t\t\t<\/div>\n\t\t<\/section>\n\t\t\t\t<\/div>\n\t\t","protected":false},"excerpt":{"rendered":"<p>Inicio Todos los Idiomas que Ofrecemos | Lenguae Nos enorgullecemos de ofrecer traducciones profesionales, servicios de interpretaci\u00f3n, transcripciones y cursos en m\u00faltiples idiomas, con el objetivo de satisfacer todas las necesidades de nuestros clientes. Nuestro equipo est\u00e1 compuesto por ling\u00fcistas y profesores altamente capacitados y certificados, que dominan una amplia variedad de idiomas y son [&hellip;]<\/p>\n","protected":false},"author":17,"featured_media":0,"parent":12880,"menu_order":0,"comment_status":"closed","ping_status":"closed","template":"","meta":{"footnotes":""},"class_list":["post-15076","page","type-page","status-publish","hentry"],"yoast_head":"<!-- This site is optimized with the Yoast SEO Premium plugin v20.5 (Yoast SEO v27.2) - https:\/\/yoast.com\/product\/yoast-seo-premium-wordpress\/ -->\n<title>Todos los Idiomas que Ofrecemos | Lenguae<\/title>\n<meta name=\"description\" content=\"Echa un vistazo a los muchos idiomas que ofrecemos en nuestras soluciones y servicios. Y si no encontraste el que buscas, \u00a1cont\u00e1ctanos!\" \/>\n<meta name=\"robots\" content=\"index, follow, max-snippet:-1, max-image-preview:large, max-video-preview:-1\" \/>\n<link rel=\"canonical\" href=\"https:\/\/lenguae.com\/es\/agencia-de-traduccion-en-connecticut\/todos-los-idiomas-que-ofrecemos-lenguae\/\" \/>\n<meta property=\"og:locale\" content=\"es_ES\" \/>\n<meta property=\"og:type\" content=\"article\" \/>\n<meta property=\"og:title\" content=\"Todos los Idiomas que Ofrecemos | Lenguae\" \/>\n<meta property=\"og:description\" content=\"Echa un vistazo a los muchos idiomas que ofrecemos en nuestras soluciones y servicios. Y si no encontraste el que buscas, \u00a1cont\u00e1ctanos!\" \/>\n<meta property=\"og:url\" content=\"https:\/\/lenguae.com\/es\/agencia-de-traduccion-en-connecticut\/todos-los-idiomas-que-ofrecemos-lenguae\/\" \/>\n<meta property=\"og:site_name\" content=\"Lenguae | Language Services | Courses tailored to you, according to your needs, efficient and competent.\" \/>\n<meta property=\"article:modified_time\" content=\"2025-02-10T12:21:57+00:00\" \/>\n<meta property=\"og:image\" content=\"https:\/\/lenguae.com\/wp-content\/uploads\/2023\/06\/whatsapp.svg\" \/>\n<meta name=\"twitter:card\" content=\"summary_large_image\" \/>\n<meta name=\"twitter:label1\" content=\"Tiempo de lectura\" \/>\n\t<meta name=\"twitter:data1\" content=\"1 minuto\" \/>\n<script type=\"application\/ld+json\" class=\"yoast-schema-graph\">{\"@context\":\"https:\/\/schema.org\",\"@graph\":[{\"@type\":\"WebPage\",\"@id\":\"https:\/\/lenguae.com\/es\/agencia-de-traduccion-en-connecticut\/todos-los-idiomas-que-ofrecemos-lenguae\/\",\"url\":\"https:\/\/lenguae.com\/es\/agencia-de-traduccion-en-connecticut\/todos-los-idiomas-que-ofrecemos-lenguae\/\",\"name\":\"Todos los Idiomas que Ofrecemos | Lenguae\",\"isPartOf\":{\"@id\":\"https:\/\/lenguae.com\/es\/#website\"},\"primaryImageOfPage\":{\"@id\":\"https:\/\/lenguae.com\/es\/agencia-de-traduccion-en-connecticut\/todos-los-idiomas-que-ofrecemos-lenguae\/#primaryimage\"},\"image\":{\"@id\":\"https:\/\/lenguae.com\/es\/agencia-de-traduccion-en-connecticut\/todos-los-idiomas-que-ofrecemos-lenguae\/#primaryimage\"},\"thumbnailUrl\":\"https:\/\/lenguae.com\/wp-content\/uploads\/2023\/06\/whatsapp.svg\",\"datePublished\":\"2024-11-27T13:23:04+00:00\",\"dateModified\":\"2025-02-10T12:21:57+00:00\",\"description\":\"Echa un vistazo a los muchos idiomas que ofrecemos en nuestras soluciones y servicios. Y si no encontraste el que buscas, \u00a1cont\u00e1ctanos!\",\"breadcrumb\":{\"@id\":\"https:\/\/lenguae.com\/es\/agencia-de-traduccion-en-connecticut\/todos-los-idiomas-que-ofrecemos-lenguae\/#breadcrumb\"},\"inLanguage\":\"es\",\"potentialAction\":[{\"@type\":\"ReadAction\",\"target\":[\"https:\/\/lenguae.com\/es\/agencia-de-traduccion-en-connecticut\/todos-los-idiomas-que-ofrecemos-lenguae\/\"]}]},{\"@type\":\"ImageObject\",\"inLanguage\":\"es\",\"@id\":\"https:\/\/lenguae.com\/es\/agencia-de-traduccion-en-connecticut\/todos-los-idiomas-que-ofrecemos-lenguae\/#primaryimage\",\"url\":\"https:\/\/lenguae.com\/wp-content\/uploads\/2023\/06\/whatsapp.svg\",\"contentUrl\":\"https:\/\/lenguae.com\/wp-content\/uploads\/2023\/06\/whatsapp.svg\"},{\"@type\":\"BreadcrumbList\",\"@id\":\"https:\/\/lenguae.com\/es\/agencia-de-traduccion-en-connecticut\/todos-los-idiomas-que-ofrecemos-lenguae\/#breadcrumb\",\"itemListElement\":[{\"@type\":\"ListItem\",\"position\":1,\"name\":\"Home\",\"item\":\"https:\/\/lenguae.com\/es\/\"},{\"@type\":\"ListItem\",\"position\":2,\"name\":\"Agencia de traducci\u00f3n en Connecticut\",\"item\":\"https:\/\/lenguae.com\/es\/agencia-de-traduccion-en-connecticut\/\"},{\"@type\":\"ListItem\",\"position\":3,\"name\":\"Todos los Idiomas que Ofrecemos | Lenguae\"}]},{\"@type\":\"WebSite\",\"@id\":\"https:\/\/lenguae.com\/es\/#website\",\"url\":\"https:\/\/lenguae.com\/es\/\",\"name\":\"Lenguae | Language Services | Courses tailored to you, according to your needs, efficient and competent.\",\"description\":\"\",\"publisher\":{\"@id\":\"https:\/\/lenguae.com\/es\/#organization\"},\"potentialAction\":[{\"@type\":\"SearchAction\",\"target\":{\"@type\":\"EntryPoint\",\"urlTemplate\":\"https:\/\/lenguae.com\/es\/?s={search_term_string}\"},\"query-input\":{\"@type\":\"PropertyValueSpecification\",\"valueRequired\":true,\"valueName\":\"search_term_string\"}}],\"inLanguage\":\"es\"},{\"@type\":\"Organization\",\"@id\":\"https:\/\/lenguae.com\/es\/#organization\",\"name\":\"Lenguae | Language Services | Courses tailored to you, according to your needs, efficient and competent.\",\"url\":\"https:\/\/lenguae.com\/es\/\",\"logo\":{\"@type\":\"ImageObject\",\"inLanguage\":\"es\",\"@id\":\"https:\/\/lenguae.com\/es\/#\/schema\/logo\/image\/\",\"url\":\"https:\/\/lenguae.com\/wp-content\/uploads\/2023\/04\/logo-dark.png\",\"contentUrl\":\"https:\/\/lenguae.com\/wp-content\/uploads\/2023\/04\/logo-dark.png\",\"width\":229,\"height\":87,\"caption\":\"Lenguae | Language Services | Courses tailored to you, according to your needs, efficient and competent.\"},\"image\":{\"@id\":\"https:\/\/lenguae.com\/es\/#\/schema\/logo\/image\/\"}}]}<\/script>\n<!-- \/ Yoast SEO Premium plugin. -->","yoast_head_json":{"title":"Todos los Idiomas que Ofrecemos | Lenguae","description":"Echa un vistazo a los muchos idiomas que ofrecemos en nuestras soluciones y servicios. Y si no encontraste el que buscas, \u00a1cont\u00e1ctanos!","robots":{"index":"index","follow":"follow","max-snippet":"max-snippet:-1","max-image-preview":"max-image-preview:large","max-video-preview":"max-video-preview:-1"},"canonical":"https:\/\/lenguae.com\/es\/agencia-de-traduccion-en-connecticut\/todos-los-idiomas-que-ofrecemos-lenguae\/","og_locale":"es_ES","og_type":"article","og_title":"Todos los Idiomas que Ofrecemos | Lenguae","og_description":"Echa un vistazo a los muchos idiomas que ofrecemos en nuestras soluciones y servicios. Y si no encontraste el que buscas, \u00a1cont\u00e1ctanos!","og_url":"https:\/\/lenguae.com\/es\/agencia-de-traduccion-en-connecticut\/todos-los-idiomas-que-ofrecemos-lenguae\/","og_site_name":"Lenguae | Language Services | Courses tailored to you, according to your needs, efficient and competent.","article_modified_time":"2025-02-10T12:21:57+00:00","og_image":[{"url":"https:\/\/lenguae.com\/wp-content\/uploads\/2023\/06\/whatsapp.svg","type":"","width":"","height":""}],"twitter_card":"summary_large_image","twitter_misc":{"Tiempo de lectura":"1 minuto"},"schema":{"@context":"https:\/\/schema.org","@graph":[{"@type":"WebPage","@id":"https:\/\/lenguae.com\/es\/agencia-de-traduccion-en-connecticut\/todos-los-idiomas-que-ofrecemos-lenguae\/","url":"https:\/\/lenguae.com\/es\/agencia-de-traduccion-en-connecticut\/todos-los-idiomas-que-ofrecemos-lenguae\/","name":"Todos los Idiomas que Ofrecemos | Lenguae","isPartOf":{"@id":"https:\/\/lenguae.com\/es\/#website"},"primaryImageOfPage":{"@id":"https:\/\/lenguae.com\/es\/agencia-de-traduccion-en-connecticut\/todos-los-idiomas-que-ofrecemos-lenguae\/#primaryimage"},"image":{"@id":"https:\/\/lenguae.com\/es\/agencia-de-traduccion-en-connecticut\/todos-los-idiomas-que-ofrecemos-lenguae\/#primaryimage"},"thumbnailUrl":"https:\/\/lenguae.com\/wp-content\/uploads\/2023\/06\/whatsapp.svg","datePublished":"2024-11-27T13:23:04+00:00","dateModified":"2025-02-10T12:21:57+00:00","description":"Echa un vistazo a los muchos idiomas que ofrecemos en nuestras soluciones y servicios. Y si no encontraste el que buscas, \u00a1cont\u00e1ctanos!","breadcrumb":{"@id":"https:\/\/lenguae.com\/es\/agencia-de-traduccion-en-connecticut\/todos-los-idiomas-que-ofrecemos-lenguae\/#breadcrumb"},"inLanguage":"es","potentialAction":[{"@type":"ReadAction","target":["https:\/\/lenguae.com\/es\/agencia-de-traduccion-en-connecticut\/todos-los-idiomas-que-ofrecemos-lenguae\/"]}]},{"@type":"ImageObject","inLanguage":"es","@id":"https:\/\/lenguae.com\/es\/agencia-de-traduccion-en-connecticut\/todos-los-idiomas-que-ofrecemos-lenguae\/#primaryimage","url":"https:\/\/lenguae.com\/wp-content\/uploads\/2023\/06\/whatsapp.svg","contentUrl":"https:\/\/lenguae.com\/wp-content\/uploads\/2023\/06\/whatsapp.svg"},{"@type":"BreadcrumbList","@id":"https:\/\/lenguae.com\/es\/agencia-de-traduccion-en-connecticut\/todos-los-idiomas-que-ofrecemos-lenguae\/#breadcrumb","itemListElement":[{"@type":"ListItem","position":1,"name":"Home","item":"https:\/\/lenguae.com\/es\/"},{"@type":"ListItem","position":2,"name":"Agencia de traducci\u00f3n en Connecticut","item":"https:\/\/lenguae.com\/es\/agencia-de-traduccion-en-connecticut\/"},{"@type":"ListItem","position":3,"name":"Todos los Idiomas que Ofrecemos | Lenguae"}]},{"@type":"WebSite","@id":"https:\/\/lenguae.com\/es\/#website","url":"https:\/\/lenguae.com\/es\/","name":"Lenguae | Language Services | Courses tailored to you, according to your needs, efficient and competent.","description":"","publisher":{"@id":"https:\/\/lenguae.com\/es\/#organization"},"potentialAction":[{"@type":"SearchAction","target":{"@type":"EntryPoint","urlTemplate":"https:\/\/lenguae.com\/es\/?s={search_term_string}"},"query-input":{"@type":"PropertyValueSpecification","valueRequired":true,"valueName":"search_term_string"}}],"inLanguage":"es"},{"@type":"Organization","@id":"https:\/\/lenguae.com\/es\/#organization","name":"Lenguae | Language Services | Courses tailored to you, according to your needs, efficient and competent.","url":"https:\/\/lenguae.com\/es\/","logo":{"@type":"ImageObject","inLanguage":"es","@id":"https:\/\/lenguae.com\/es\/#\/schema\/logo\/image\/","url":"https:\/\/lenguae.com\/wp-content\/uploads\/2023\/04\/logo-dark.png","contentUrl":"https:\/\/lenguae.com\/wp-content\/uploads\/2023\/04\/logo-dark.png","width":229,"height":87,"caption":"Lenguae | Language Services | Courses tailored to you, according to your needs, efficient and competent."},"image":{"@id":"https:\/\/lenguae.com\/es\/#\/schema\/logo\/image\/"}}]}},"_links":{"self":[{"href":"https:\/\/lenguae.com\/es\/wp-json\/wp\/v2\/pages\/15076","targetHints":{"allow":["GET"]}}],"collection":[{"href":"https:\/\/lenguae.com\/es\/wp-json\/wp\/v2\/pages"}],"about":[{"href":"https:\/\/lenguae.com\/es\/wp-json\/wp\/v2\/types\/page"}],"author":[{"embeddable":true,"href":"https:\/\/lenguae.com\/es\/wp-json\/wp\/v2\/users\/17"}],"replies":[{"embeddable":true,"href":"https:\/\/lenguae.com\/es\/wp-json\/wp\/v2\/comments?post=15076"}],"version-history":[{"count":1,"href":"https:\/\/lenguae.com\/es\/wp-json\/wp\/v2\/pages\/15076\/revisions"}],"predecessor-version":[{"id":15077,"href":"https:\/\/lenguae.com\/es\/wp-json\/wp\/v2\/pages\/15076\/revisions\/15077"}],"up":[{"embeddable":true,"href":"https:\/\/lenguae.com\/es\/wp-json\/wp\/v2\/pages\/12880"}],"wp:attachment":[{"href":"https:\/\/lenguae.com\/es\/wp-json\/wp\/v2\/media?parent=15076"}],"curies":[{"name":"wp","href":"https:\/\/api.w.org\/{rel}","templated":true}]}}